{"id":6497,"date":"2021-12-07T17:04:13","date_gmt":"2021-12-07T20:04:13","guid":{"rendered":"https:\/\/taller5.ludic.cc\/?page_id=6497"},"modified":"2021-12-07T17:07:11","modified_gmt":"2021-12-07T20:07:11","slug":"artimanas","status":"publish","type":"page","link":"https:\/\/taller5.ludic.cc\/index.php\/artimanas\/","title":{"rendered":"Artima\u00f1as"},"content":{"rendered":"\n<p>Desde el a\u00f1o 2011, se realiza el festival Artima\u00f1as, en donde el conjunto del alumnado de Taller 5 de Dise\u00f1o Multimedial, presentan sus trabajos finales de carrera. <\/p>\n\n\n\n<p>Artima\u00f1as es un evento que tiene como objetivo el compartir el trabajo final de l\u00b7s alumn\u00b7s de la c\u00e1tedra, el resultado de las experiencias emp\u00edrica y pr\u00e1ctica de las diferentes tem\u00e1ticas relevantes que eligieron l\u00b7s futur\u00b7s licenciad\u00b7s, concretando as\u00ed sus proyectos de graduaci\u00f3n.<\/p>\n\n\n\n<p>Es en esta instancia en donde confluyen tanto el trabajo te\u00f3rico desarrollado durante el a\u00f1o, como la obra o proyecto con el que se presentan como futur\u00b7s licenciad\u00b7s en Dise\u00f1o Multimedial.<\/p>\n\n\n\n<p><a href=\"\/artimanias\/2021\/\" target=\"_blank\" rel=\"noreferrer noopener\">Artima\u00f1as 2020<\/a><br><a href=\"\/artimanias\/2021\/\" target=\"_blank\" rel=\"noreferrer noopener\">Artima\u00f1as 2021<\/a><\/p>\n","protected":false},"excerpt":{"rendered":"<p>Desde el a\u00f1o 2011, se realiza el festival Artima\u00f1as, en donde el conjunto del alumnado de Taller 5 de Dise\u00f1o Multimedial, presentan sus trabajos finales de carrera. Artima\u00f1as es un evento que tiene como objetivo el compartir el trabajo final de l\u00b7s alumn\u00b7s de la c\u00e1tedra, el resultado de las experiencias emp\u00edrica y pr\u00e1ctica de [&hellip;]<\/p>\n","protected":false},"author":1,"featured_media":0,"parent":0,"menu_order":0,"comment_status":"closed","ping_status":"closed","template":"","meta":{"site-sidebar-layout":"default","site-content-layout":"","ast-site-content-layout":"default","site-content-style":"default","site-sidebar-style":"default","ast-global-header-display":"","ast-banner-title-visibility":"","ast-main-header-display":"","ast-hfb-above-header-display":"","ast-hfb-below-header-display":"","ast-hfb-mobile-header-display":"","site-post-title":"","ast-breadcrumbs-content":"","ast-featured-img":"","footer-sml-layout":"","theme-transparent-header-meta":"","adv-header-id-meta":"","stick-header-meta":"","header-above-stick-meta":"","header-main-stick-meta":"","header-below-stick-meta":"","astra-migrate-meta-layouts":"default","ast-page-background-enabled":"default","ast-page-background-meta":{"desktop":{"background-color":"","background-image":"","background-repeat":"repeat","background-position":"center center","background-size":"auto","background-attachment":"scroll","background-type":"","background-media":"","overlay-type":"","overlay-color":"","overlay-opacity":"","overlay-gradient":""},"tablet":{"background-color":"","background-image":"","background-repeat":"repeat","background-position":"center center","background-size":"auto","background-attachment":"scroll","background-type":"","background-media":"","overlay-type":"","overlay-color":"","overlay-opacity":"","overlay-gradient":""},"mobile":{"background-color":"","background-image":"","background-repeat":"repeat","background-position":"center center","background-size":"auto","background-attachment":"scroll","background-type":"","background-media":"","overlay-type":"","overlay-color":"","overlay-opacity":"","overlay-gradient":""}},"ast-content-background-meta":{"desktop":{"background-color":"var(--ast-global-color-5)","background-image":"","background-repeat":"repeat","background-position":"center center","background-size":"auto","background-attachment":"scroll","background-type":"","background-media":"","overlay-type":"","overlay-color":"","overlay-opacity":"","overlay-gradient":""},"tablet":{"background-color":"var(--ast-global-color-5)","background-image":"","background-repeat":"repeat","background-position":"center center","background-size":"auto","background-attachment":"scroll","background-type":"","background-media":"","overlay-type":"","overlay-color":"","overlay-opacity":"","overlay-gradient":""},"mobile":{"background-color":"var(--ast-global-color-5)","background-image":"","background-repeat":"repeat","background-position":"center center","background-size":"auto","background-attachment":"scroll","background-type":"","background-media":"","overlay-type":"","overlay-color":"","overlay-opacity":"","overlay-gradient":""}},"footnotes":""},"class_list":["post-6497","page","type-page","status-publish","hentry"],"_links":{"self":[{"href":"https:\/\/taller5.ludic.cc\/index.php\/wp-json\/wp\/v2\/pages\/6497","targetHints":{"allow":["GET"]}}],"collection":[{"href":"https:\/\/taller5.ludic.cc\/index.php\/wp-json\/wp\/v2\/pages"}],"about":[{"href":"https:\/\/taller5.ludic.cc\/index.php\/wp-json\/wp\/v2\/types\/page"}],"author":[{"embeddable":true,"href":"https:\/\/taller5.ludic.cc\/index.php\/wp-json\/wp\/v2\/users\/1"}],"replies":[{"embeddable":true,"href":"https:\/\/taller5.ludic.cc\/index.php\/wp-json\/wp\/v2\/comments?post=6497"}],"version-history":[{"count":3,"href":"https:\/\/taller5.ludic.cc\/index.php\/wp-json\/wp\/v2\/pages\/6497\/revisions"}],"predecessor-version":[{"id":6502,"href":"https:\/\/taller5.ludic.cc\/index.php\/wp-json\/wp\/v2\/pages\/6497\/revisions\/6502"}],"wp:attachment":[{"href":"https:\/\/taller5.ludic.cc\/index.php\/wp-json\/wp\/v2\/media?parent=6497"}],"curies":[{"name":"wp","href":"https:\/\/api.w.org\/{rel}","templated":true}]}}